{"id":142,"date":"2017-03-31T15:01:19","date_gmt":"2017-03-31T15:01:19","guid":{"rendered":"http:\/\/www.mgdiyanet.de\/?page_id=142"},"modified":"2017-04-03T08:13:34","modified_gmt":"2017-04-03T08:13:34","slug":"ditib-moenchengladbach-merkez-camii","status":"publish","type":"page","link":"https:\/\/www.mgdiyanet.de\/de\/ditib-moenchengladbach-merkez-camii","title":{"rendered":"Wer wir sind?"},"content":{"rendered":"<p>Wir sind eine von \u00fcber 900 Ortsgemeinden bundesweit der von unseren Dachverband DITIB vereint wird. (T\u00fcrkisch-Islamische Union\u00a0der Anstalt f\u00fcr Religion e.V. )<br \/>\nUnser Vereinsziel ist es, Musliminnen und Muslime einen Ort zur Aus\u00fcbung ihres Glaubens zu geben und einen Beitrag zur Integration zu leisten. Dar\u00fcber hinaus engagieren wir uns intensiv im sozialen Bereich.<\/p>\n<p>Stets haben wir als gemeinn\u00fctzige Einrichtung einen offenen, kooperativen Umgang und Dialog mit allen Institutionen und Religionen.<\/p>\n<p><strong>Was wir tun?<br \/>\n<\/strong>Unser Haus ist ein Gemeindezentrum, in dem Muslime ihre Religion praktizieren k\u00f6nnen. Dar\u00fcber hinaus haben wir eine Vielzahl an Bildungs-, Sport- und Kulturangeboten. Wir engagieren uns in den Bereichen Jugend-, Senioren- und Integrationsarbeit.<\/p>\n<p><strong>Unsere T\u00fcren stehen nicht nur t\u00fcrkischen, t\u00fcrkischst\u00e4mmigen oder muslimischen Menschen, sondern Allen offen.<\/strong><\/p>\n<p>An dieser Stelle m\u00f6chten wir betonen, dass der Islam eine friedliche Religion ist, die Gewalt ablehnt und zur Toleranz gegen\u00fcber Andersgl\u00e4ubigen aufruft. Zwangsehen und Ehrenmorde lehnt der Islam ebenfalls ab.<\/p>\n<p>Unser Ziel ist es, mit Hilfe des Islam und religi\u00f6sen Prinzipien und Werten, nicht nur diesen gesellschaftlichen und sozialen Fehlentwicklungen entgegenzuwirken. Gewaltfreiheit und Gleichberechtigung sind wesentliche Grunds\u00e4tze eines toleranten Islams. Diese Prinzipien gelten auch f\u00fcr die gleichberechtigte Stellung der Frau.<\/p>\n<p>Unsere Moschee soll Ausdruck dieses gelebten Islams sein.<\/p>\n<p>&nbsp;<\/p>\n<p><a style=\"line-height: 1.5;\" href=\"https:\/\/www.mgdiyanet.de\/wp-content\/uploads\/2016\/06\/bg-mgcamii.jpg\" data-rel=\"lightbox-image-0\" data-rl_title=\"\" data-rl_caption=\"\" title=\"\"><img loading=\"lazy\" class=\"alignleft size-large wp-image-13\" src=\"https:\/\/www.mgdiyanet.de\/wp-content\/uploads\/2016\/06\/bg-mgcamii-1024x302.jpg\" alt=\"\" width=\"768\" height=\"227\" srcset=\"https:\/\/www.mgdiyanet.de\/wp-content\/uploads\/2016\/06\/bg-mgcamii-1024x302.jpg 1024w, https:\/\/www.mgdiyanet.de\/wp-content\/uploads\/2016\/06\/bg-mgcamii-300x89.jpg 300w, https:\/\/www.mgdiyanet.de\/wp-content\/uploads\/2016\/06\/bg-mgcamii-768x227.jpg 768w, https:\/\/www.mgdiyanet.de\/wp-content\/uploads\/2016\/06\/bg-mgcamii.jpg 1920w\" sizes=\"(max-width: 768px) 100vw, 768px\" \/><\/a><\/p>\n","protected":false},"excerpt":{"rendered":"<p>Wir sind eine von \u00fcber 900 Ortsgemeinden bundesweit der von unseren Dachverband DITIB vereint wird. (T\u00fcrkisch-Islamische Union\u00a0der Anstalt f\u00fcr Religion e.V. ) Unser Vereinsziel ist es, Musliminnen und Muslime einen Ort zur Aus\u00fcbung ihres Glaubens zu geben und einen Beitrag zur Integration zu leisten. Dar\u00fcber hinaus engagieren wir uns intensiv im sozialen Bereich. Stets haben [&hellip;]<\/p>\n","protected":false},"author":1,"featured_media":0,"parent":0,"menu_order":0,"comment_status":"closed","ping_status":"closed","template":"","meta":[],"translation":{"provider":"WPGlobus","version":"2.6.0","language":"de","enabled_languages":["tr","de"],"languages":{"tr":{"title":true,"content":true,"excerpt":false},"de":{"title":true,"content":true,"excerpt":false}}},"_links":{"self":[{"href":"https:\/\/www.mgdiyanet.de\/de\/wp-json\/wp\/v2\/pages\/142"}],"collection":[{"href":"https:\/\/www.mgdiyanet.de\/de\/wp-json\/wp\/v2\/pages"}],"about":[{"href":"https:\/\/www.mgdiyanet.de\/de\/wp-json\/wp\/v2\/types\/page"}],"author":[{"embeddable":true,"href":"https:\/\/www.mgdiyanet.de\/de\/wp-json\/wp\/v2\/users\/1"}],"replies":[{"embeddable":true,"href":"https:\/\/www.mgdiyanet.de\/de\/wp-json\/wp\/v2\/comments?post=142"}],"version-history":[{"count":11,"href":"https:\/\/www.mgdiyanet.de\/de\/wp-json\/wp\/v2\/pages\/142\/revisions"}],"predecessor-version":[{"id":304,"href":"https:\/\/www.mgdiyanet.de\/de\/wp-json\/wp\/v2\/pages\/142\/revisions\/304"}],"wp:attachment":[{"href":"https:\/\/www.mgdiyanet.de\/de\/wp-json\/wp\/v2\/media?parent=142"}],"curies":[{"name":"wp","href":"https:\/\/api.w.org\/{rel}","templated":true}]}}