{"id":227,"date":"2017-04-08T10:31:10","date_gmt":"2017-04-08T10:31:10","guid":{"rendered":"http:\/\/www.mgdiyanet.de\/?page_id=227"},"modified":"2017-04-10T07:20:05","modified_gmt":"2017-04-10T07:20:05","slug":"temel-ilkeler","status":"publish","type":"page","link":"https:\/\/www.mgdiyanet.de\/de\/temel-ilkeler","title":{"rendered":"Grunds\u00e4tze"},"content":{"rendered":"<p>DITIB und die angeschlossenen Vereine handeln nach folgenden Kriterien:<\/p>\n<p>Die DITIB verfolgt Ziele, die ausschlie\u00dflich\u00a0mit dem Grundgesetz der Bundesrepublik Deutschland im Einklang stehen. Wir bekennen uns zur\u00a0freiheitlich-demokratischen\u00a0Grundordnung.<\/p>\n<p>DITIB ist eine \u00dcberparteiliche Organisation und verbietet jede Art\u00a0von parteipolitischer Aktivit\u00e4t in den Vereinsr\u00e4umen.<\/p>\n<p>Sie legt Wert auf Freundschaftlichkeit,\u00a0Achtung, Nachsicht, Toleranz und Solidarit\u00e4t der Menschen untereinander und gegen\u00fcber anderen Glaubensangeh\u00f6rigen. Diese Eigenschaften stimmen auch mit den Grunds\u00e4tzen\u00a0des Islam \u00fcberein. Jede Art von Gewalt und Aufruf zur Gewalt wird abgelehnt.<\/p>\n<p>Sie beachtet den Grundsatz der Gleichbehandlung unter den Mitgliedern und der Transparenz gegen\u00fcber den Mitgliedern und nach Au\u00dfen.<\/p>\n<p>DITIB verfolgt gemeinn\u00fctzige religi\u00f6se, wohlt\u00e4tige, kulturelle und sportliche Zwecke. Zur\u00a0Verwirklichung\u00a0der satzungsgem\u00e4\u00dfen Ziele\u00a0\u00fcben wir\u00a0unsere Aktivit\u00e4ten ehrenamtlich aus.<\/p>\n","protected":false},"excerpt":{"rendered":"<p>DITIB und die angeschlossenen Vereine handeln nach folgenden Kriterien: Die DITIB verfolgt Ziele, die ausschlie\u00dflich\u00a0mit dem Grundgesetz der Bundesrepublik Deutschland im Einklang stehen. Wir bekennen uns zur\u00a0freiheitlich-demokratischen\u00a0Grundordnung. DITIB ist eine \u00dcberparteiliche Organisation und verbietet jede Art\u00a0von parteipolitischer Aktivit\u00e4t in den Vereinsr\u00e4umen. Sie legt Wert auf Freundschaftlichkeit,\u00a0Achtung, Nachsicht, Toleranz und Solidarit\u00e4t der Menschen untereinander und gegen\u00fcber [&hellip;]<\/p>\n","protected":false},"author":1,"featured_media":0,"parent":0,"menu_order":0,"comment_status":"closed","ping_status":"closed","template":"","meta":[],"translation":{"provider":"WPGlobus","version":"2.6.0","language":"de","enabled_languages":["tr","de"],"languages":{"tr":{"title":true,"content":true,"excerpt":false},"de":{"title":true,"content":true,"excerpt":false}}},"_links":{"self":[{"href":"https:\/\/www.mgdiyanet.de\/de\/wp-json\/wp\/v2\/pages\/227"}],"collection":[{"href":"https:\/\/www.mgdiyanet.de\/de\/wp-json\/wp\/v2\/pages"}],"about":[{"href":"https:\/\/www.mgdiyanet.de\/de\/wp-json\/wp\/v2\/types\/page"}],"author":[{"embeddable":true,"href":"https:\/\/www.mgdiyanet.de\/de\/wp-json\/wp\/v2\/users\/1"}],"replies":[{"embeddable":true,"href":"https:\/\/www.mgdiyanet.de\/de\/wp-json\/wp\/v2\/comments?post=227"}],"version-history":[{"count":3,"href":"https:\/\/www.mgdiyanet.de\/de\/wp-json\/wp\/v2\/pages\/227\/revisions"}],"predecessor-version":[{"id":299,"href":"https:\/\/www.mgdiyanet.de\/de\/wp-json\/wp\/v2\/pages\/227\/revisions\/299"}],"wp:attachment":[{"href":"https:\/\/www.mgdiyanet.de\/de\/wp-json\/wp\/v2\/media?parent=227"}],"curies":[{"name":"wp","href":"https:\/\/api.w.org\/{rel}","templated":true}]}}